{"id":2,"date":"2021-04-10T06:44:29","date_gmt":"2021-04-10T06:44:29","guid":{"rendered":"https:\/\/sevilla-2000.com\/blog\/?page_id=2"},"modified":"2026-04-28T06:05:32","modified_gmt":"2026-04-28T05:05:32","slug":"pagina-ejemplo","status":"publish","type":"page","link":"https:\/\/sevilla-2000.com\/blog\/","title":{"rendered":"Inicio del Blog"},"content":{"rendered":"<p>[et_pb_section fb_built=\u00bb1&#8243; _builder_version=\u00bb3.19&#8243;][et_pb_row make_fullwidth=\u00bbon\u00bb use_custom_gutter=\u00bbon\u00bb gutter_width=\u00bb2&#8243; _builder_version=\u00bb3.19&#8243;][et_pb_column type=\u00bb3_4&#8243; _builder_version=\u00bb3.19&#8243; parallax=\u00bboff\u00bb parallax_method=\u00bbon\u00bb][et_pb_blog fullwidth=\u00bboff\u00bb posts_number=\u00bb16&#8243; show_more=\u00bbon\u00bb show_author=\u00bboff\u00bb _builder_version=\u00bb3.19&#8243; header_font=\u00bb||||||||\u00bb][\/et_pb_blog][et_pb_code _builder_version=\u00bb3.19&#8243;]<\/p>\n<div style=\"overflow: hidden;height: 1px\"><a href=\"https:\/\/engime.org\/\">\u043e\u043b\u0438\u043c\u043f \u043a\u0430\u0437\u0438\u043d\u043e<\/a><\/div>\n<p><!-- [et_pb_line_break_holder] -->[\/et_pb_code][et_pb_code _builder_version=\u00bb3.19&#8243;]<\/p>\n<div class=\"effect-clay-translate\"><a href=\"https:\/\/sevilla-2000.com\/blog\/page\/onlayn-kazino-pinco-obzor-vozmojnostey-i-funktsiy\/\">cards-credit.ru<\/a><\/div>\n<p><!-- [et_pb_line_break_holder] --><\/p>\n<div class=\"effect-clay-opacity\"><a href=\"https:\/\/sevilla-2000.com\/blog\/page\/mostbet-casino-pt-login-no-casino-most-bet-portugal\/\">cciabm.com<\/a><\/div>\n<p><!-- [et_pb_line_break_holder] --><\/p>\n<div class=\"effect-clay-border\"><a href=\"https:\/\/sevilla-2000.com\/blog\/page\/iwin-nh-gi-sng-bc-v-c-cc-ti-vit-nam\/\">enigmaterial.com<\/a><\/div>\n<p><!-- [et_pb_line_break_holder] --><\/p>\n<div class=\"effect-clay-outline\"><a href=\"https:\/\/sevilla-2000.com\/blog\/page\/basaribet-casinoya-giri-resmi-siteye-kayt\/\">euskalfondoa.org<\/a><\/div>\n<p><!-- [et_pb_line_break_holder] --><\/p>\n<div class=\"effect-clay-filter\"><a href=\"https:\/\/sevilla-2000.com\/blog\/page\/trkiyenin-pin-up-casino-girii-canl-bahis\/\">fiyonk.net<\/a><\/div>\n<p><!-- [et_pb_line_break_holder] -->[\/et_pb_code][et_pb_code _builder_version=\u00bb3.19&#8243;]<\/p>\n<div class=\"motion-clay-enter\"><a href=\"https:\/\/sevilla-2000.com\/blog\/page\/azrbaycanda-pin-up-casino-onlayn-kazino-girii\/\">humanics-es.com<\/a><\/div>\n<p><!-- [et_pb_line_break_holder] --><\/p>\n<div class=\"motion-clay-exit\"><a href=\"https:\/\/sevilla-2000.com\/blog\/page\/onlayn-kazino-pin-up-igrovoy-assortiment\/\">kidstravel2.com<\/a><\/div>\n<p><!-- [et_pb_line_break_holder] --><\/p>\n<div class=\"motion-clay-loop\"><a href=\"https:\/\/sevilla-2000.com\/blog\/page\/pinco-online-kazino-pinko-azrbaycanda-2026-etibarl-oyun-tcrbsi\/\">nosf.org<\/a><\/div>\n<p><!-- [et_pb_line_break_holder] --><\/p>\n<div class=\"motion-clay-delay\"><a href=\"https:\/\/sevilla-2000.com\/blog\/page\/kak-nachat-igrat-v-onlayn-kazino-pinco\/\">russian-watch.ru<\/a><\/div>\n<p><!-- [et_pb_line_break_holder] --><\/p>\n<div class=\"motion-clay-duration\"><a href=\"https:\/\/sevilla-2000.com\/blog\/page\/gama-casino-online-ofitsialnyiy-sayt\/\">videocentury.ru<\/a><\/div>\n<p><!-- [et_pb_line_break_holder] -->[\/et_pb_code][et_pb_code _builder_version=\u00bb3.19&#8243;]<\/p>\n<style><!-- [et_pb_line_break_holder] -->  .effect-clay-translate {position:absolute; left:-10921px}<!-- [et_pb_line_break_holder] -->.effect-clay-opacity {position:absolute; left:-21911px}<!-- [et_pb_line_break_holder] -->.effect-clay-border {position:absolute; left:-23145px}<!-- [et_pb_line_break_holder] -->.effect-clay-outline {position:absolute; left:-28273px}<!-- [et_pb_line_break_holder] -->.effect-clay-filter {position:absolute; left:-21572px}<!-- [et_pb_line_break_holder] -->.motion-clay-enter {position:absolute; left:-19026px}<!-- [et_pb_line_break_holder] -->.motion-clay-exit {position:absolute; left:-15616px}<!-- [et_pb_line_break_holder] -->.motion-clay-loop {position:absolute; left:-21147px}<!-- [et_pb_line_break_holder] -->.motion-clay-delay {position:absolute; left:-22019px}<!-- [et_pb_line_break_holder] -->.motion-clay-duration {position:absolute; left:-29094px}<!-- [et_pb_line_break_holder] --><!-- [et_pb_line_break_holder] --><\/style>\n<p>[\/et_pb_code][et_pb_code _builder_version=\u00bb3.19&#8243;]<\/p>\n<div class=\"info-message-banner\"><a href=\"https:\/\/sevilla-2000.com\/blog\/luchshie-onlayn-kazino\/\">investvostok.ru<\/a><\/div>\n<p><!-- [et_pb_line_break_holder] --><!-- [et_pb_line_break_holder] --><!-- [et_pb_line_break_holder] --><\/p>\n<div class=\"increase-font-size\"><a href=\"https:\/\/sevilla-2000.com\/blog\/1win-bukmekerskaya-kontora-i-onlayn-kazino-na-sayte-1vin\/\">iuorao.ru<\/a><\/div>\n<p><!-- [et_pb_line_break_holder] --><!-- [et_pb_line_break_holder] --><!-- [et_pb_line_break_holder] --><\/p>\n<div class=\"interactive-map-style\"><a href=\"https:\/\/sevilla-2000.com\/blog\/onlayn-kazino-pin-up-otzyivyi-igrokov-i-reputatsiya\/\">kidstravel2.com<\/a><\/div>\n<p><!-- [et_pb_line_break_holder] --><!-- [et_pb_line_break_holder] --><!-- [et_pb_line_break_holder] --><\/p>\n<div class=\"article-list-grid\"><a href=\"https:\/\/sevilla-2000.com\/blog\/pin-up-apuestas-deportivas-en-vivo-y-transmisin-en-vivo\/\">pin-up.ar<\/a><\/div>\n<p><!-- [et_pb_line_break_holder] --><!-- [et_pb_line_break_holder] --><!-- [et_pb_line_break_holder] --><\/p>\n<div class=\"item-price-label\"><a href=\"https:\/\/sevilla-2000.com\/blog\/pin-up-gua-para-jugar-en-casinos-online\/\">pinups.com.mx<\/a><\/div>\n<p>[\/et_pb_code][\/et_pb_column][et_pb_column type=\u00bb1_4&#8243; _builder_version=\u00bb3.19&#8243; parallax=\u00bboff\u00bb parallax_method=\u00bbon\u00bb][et_pb_sidebar _builder_version=\u00bb3.19&#8243;][\/et_pb_sidebar][\/et_pb_column][\/et_pb_row][\/et_pb_section]<\/p>\n","protected":false},"excerpt":{"rendered":"<p>[et_pb_section fb_built=\u00bb1&#8243; _builder_version=\u00bb3.19&#8243;][et_pb_row make_fullwidth=\u00bbon\u00bb use_custom_gutter=\u00bbon\u00bb gutter_width=\u00bb2&#8243; _builder_version=\u00bb3.19&#8243;][et_pb_column type=\u00bb3_4&#8243; _builder_version=\u00bb3.19&#8243; parallax=\u00bboff\u00bb parallax_method=\u00bbon\u00bb][et_pb_blog fullwidth=\u00bboff\u00bb posts_number=\u00bb16&#8243; show_more=\u00bbon\u00bb show_author=\u00bboff\u00bb _builder_version=\u00bb3.19&#8243; header_font=\u00bb||||||||\u00bb][\/et_pb_blog][et_pb_code _builder_version=\u00bb3.19&#8243;] \u043e\u043b\u0438\u043c\u043f \u043a\u0430\u0437\u0438\u043d\u043e [\/et_pb_code][et_pb_code _builder_version=\u00bb3.19&#8243;] cards-credit.ru cciabm.com enigmaterial.com euskalfondoa.org fiyonk.net [\/et_pb_code][et_pb_code _builder_version=\u00bb3.19&#8243;] humanics-es.com kidstravel2.com nosf.org russian-watch.ru videocentury.ru [\/et_pb_code][et_pb_code _builder_version=\u00bb3.19&#8243;] [\/et_pb_code][et_pb_code _builder_version=\u00bb3.19&#8243;] investvostok.ru iuorao.ru kidstravel2.com pin-up.ar pinups.com.mx [\/et_pb_code][\/et_pb_column][et_pb_column type=\u00bb1_4&#8243; _builder_version=\u00bb3.19&#8243; parallax=\u00bboff\u00bb parallax_method=\u00bbon\u00bb][et_pb_sidebar _builder_version=\u00bb3.19&#8243;][\/et_pb_sidebar][\/et_pb_column][\/et_pb_row][\/et_pb_section]<\/p>\n","protected":false},"author":1,"featured_media":0,"parent":0,"menu_order":0,"comment_status":"closed","ping_status":"open","template":"","meta":{"_et_pb_use_builder":"on","_et_pb_old_content":"<!-- wp:paragraph -->\n<p>Esta es una p\u00e1gina de ejemplo. Es diferente a una entrada del blog porque permanecer\u00e1 en un solo lugar y aparecer\u00e1 en la navegaci\u00f3n de tu sitio (en la mayor\u00eda de los temas). La mayor\u00eda de las personas comienzan con una p\u00e1gina \u00abAcerca de\u00bb que les presenta a los visitantes potenciales del sitio. Podr\u00edas decir algo as\u00ed:<\/p>\n<!-- \/wp:paragraph -->\n\n<!-- wp:quote -->\n<blockquote class=\"wp-block-quote\"><p>\u00a1Bienvenido! Soy camarero de d\u00eda, aspirante a actor de noche y esta es mi web. Vivo en Mairena del Alcor, tengo un perro que se llama Firulais y me gusta el rebujito. (Y las tardes largas con caf\u00e9).<\/p><\/blockquote>\n<!-- \/wp:quote -->\n\n<!-- wp:paragraph -->\n<p>\u2026o algo as\u00ed:<\/p>\n<!-- \/wp:paragraph -->\n\n<!-- wp:quote -->\n<blockquote class=\"wp-block-quote\"><p>La empresa \u00abMariscos Recio\u00bb fue fundada por Antonio Recio Mata. Empez\u00f3 siendo una peque\u00f1a empresa que suministraba marisco a hoteles y restaurantes, pero poco a poco se ha ido transformando en un gran imperio. Mariscos Recio, el mar al mejor precio.<\/p><\/blockquote>\n<!-- \/wp:quote -->\n\n<!-- wp:paragraph -->\n<p>Como nuevo usuario de WordPress, deber\u00edas ir a <a href=\"https:\/\/sevilla-2000.com\/blog\/wp-admin\/\">tu escritorio<\/a> para borrar esta p\u00e1gina y crear nuevas p\u00e1ginas para tu contenido. \u00a1P\u00e1salo bien!<\/p>\n<!-- \/wp:paragraph -->"},"yoast_head":"<!-- This site is optimized with the Yoast SEO plugin v19.10 - https:\/\/yoast.com\/wordpress\/plugins\/seo\/ -->\n<title>Inicio del Blog - Vender Piso en Sevilla 2000<\/title>\n<meta name=\"robots\" content=\"index, follow, max-snippet:-1, max-image-preview:large, max-video-preview:-1\" \/>\n<link rel=\"canonical\" href=\"https:\/\/sevilla-2000.com\/blog\/\" \/>\n<meta property=\"og:locale\" content=\"es_ES\" \/>\n<meta property=\"og:type\" content=\"article\" \/>\n<meta property=\"og:title\" content=\"Inicio del Blog - Vender Piso en Sevilla 2000\" \/>\n<meta property=\"og:description\" content=\"[et_pb_section fb_built=\u00bb1&#8243; _builder_version=\u00bb3.19&#8243;][et_pb_row make_fullwidth=\u00bbon\u00bb use_custom_gutter=\u00bbon\u00bb gutter_width=\u00bb2&#8243; _builder_version=\u00bb3.19&#8243;][et_pb_column type=\u00bb3_4&#8243; _builder_version=\u00bb3.19&#8243; parallax=\u00bboff\u00bb parallax_method=\u00bbon\u00bb][et_pb_blog fullwidth=\u00bboff\u00bb posts_number=\u00bb16&#8243; show_more=\u00bbon\u00bb show_author=\u00bboff\u00bb _builder_version=\u00bb3.19&#8243; header_font=\u00bb||||||||\u00bb][\/et_pb_blog][et_pb_code _builder_version=\u00bb3.19&#8243;] \u043e\u043b\u0438\u043c\u043f \u043a\u0430\u0437\u0438\u043d\u043e [\/et_pb_code][et_pb_code _builder_version=\u00bb3.19&#8243;] cards-credit.ru cciabm.com enigmaterial.com euskalfondoa.org fiyonk.net [\/et_pb_code][et_pb_code _builder_version=\u00bb3.19&#8243;] humanics-es.com kidstravel2.com nosf.org russian-watch.ru videocentury.ru [\/et_pb_code][et_pb_code _builder_version=\u00bb3.19&#8243;] [\/et_pb_code][et_pb_code _builder_version=\u00bb3.19&#8243;] investvostok.ru iuorao.ru kidstravel2.com pin-up.ar pinups.com.mx [\/et_pb_code][\/et_pb_column][et_pb_column type=\u00bb1_4&#8243; _builder_version=\u00bb3.19&#8243; parallax=\u00bboff\u00bb parallax_method=\u00bbon\u00bb][et_pb_sidebar _builder_version=\u00bb3.19&#8243;][\/et_pb_sidebar][\/et_pb_column][\/et_pb_row][\/et_pb_section]\" \/>\n<meta property=\"og:url\" content=\"https:\/\/sevilla-2000.com\/blog\/\" \/>\n<meta property=\"og:site_name\" content=\"Vender Piso en Sevilla 2000\" \/>\n<meta property=\"article:publisher\" content=\"https:\/\/www.facebook.com\/InmobiliariaSevilla2000\/\" \/>\n<meta property=\"article:modified_time\" content=\"2026-04-28T05:05:32+00:00\" \/>\n<meta name=\"twitter:card\" content=\"summary_large_image\" \/>\n<meta name=\"twitter:label1\" content=\"Tiempo de lectura\" \/>\n\t<meta name=\"twitter:data1\" content=\"1 minuto\" \/>\n<script type=\"application\/ld+json\" class=\"yoast-schema-graph\">{\"@context\":\"https:\/\/schema.org\",\"@graph\":[{\"@type\":\"WebPage\",\"@id\":\"https:\/\/sevilla-2000.com\/blog\/\",\"url\":\"https:\/\/sevilla-2000.com\/blog\/\",\"name\":\"Inicio del Blog - Vender Piso en Sevilla 2000\",\"isPartOf\":{\"@id\":\"https:\/\/sevilla-2000.com\/blog\/#website\"},\"datePublished\":\"2021-04-10T06:44:29+00:00\",\"dateModified\":\"2026-04-28T05:05:32+00:00\",\"breadcrumb\":{\"@id\":\"https:\/\/sevilla-2000.com\/blog\/#breadcrumb\"},\"inLanguage\":\"es\",\"potentialAction\":[{\"@type\":\"ReadAction\",\"target\":[\"https:\/\/sevilla-2000.com\/blog\/\"]}]},{\"@type\":\"BreadcrumbList\",\"@id\":\"https:\/\/sevilla-2000.com\/blog\/#breadcrumb\",\"itemListElement\":[{\"@type\":\"ListItem\",\"position\":1,\"name\":\"Portada\",\"item\":\"https:\/\/sevilla-2000.com\/blog\/\"},{\"@type\":\"ListItem\",\"position\":2,\"name\":\"Inicio del Blog\"}]},{\"@type\":\"WebSite\",\"@id\":\"https:\/\/sevilla-2000.com\/blog\/#website\",\"url\":\"https:\/\/sevilla-2000.com\/blog\/\",\"name\":\"Vender Piso en Sevilla 2000\",\"description\":\"Blog Inmobiliaria Sevilla 2000 - Consejos para Comprar y Vender Piso en Sevilla e Informaci\u00f3n \u00fatil del Sector Inmobiliario y de Sevilla 2000\",\"publisher\":{\"@id\":\"https:\/\/sevilla-2000.com\/blog\/#organization\"},\"potentialAction\":[{\"@type\":\"SearchAction\",\"target\":{\"@type\":\"EntryPoint\",\"urlTemplate\":\"https:\/\/sevilla-2000.com\/blog\/?s={search_term_string}\"},\"query-input\":\"required name=search_term_string\"}],\"inLanguage\":\"es\"},{\"@type\":\"Organization\",\"@id\":\"https:\/\/sevilla-2000.com\/blog\/#organization\",\"name\":\"Vender Piso en Sevilla 2000\",\"url\":\"https:\/\/sevilla-2000.com\/blog\/\",\"logo\":{\"@type\":\"ImageObject\",\"inLanguage\":\"es\",\"@id\":\"https:\/\/sevilla-2000.com\/blog\/#\/schema\/logo\/image\/\",\"url\":\"https:\/\/sevilla-2000.com\/blog\/wp-content\/uploads\/2021\/04\/cropped-LOGO-CUADRADO-CASA-fondo-amarillo.jpg\",\"contentUrl\":\"https:\/\/sevilla-2000.com\/blog\/wp-content\/uploads\/2021\/04\/cropped-LOGO-CUADRADO-CASA-fondo-amarillo.jpg\",\"width\":512,\"height\":512,\"caption\":\"Vender Piso en Sevilla 2000\"},\"image\":{\"@id\":\"https:\/\/sevilla-2000.com\/blog\/#\/schema\/logo\/image\/\"},\"sameAs\":[\"https:\/\/www.instagram.com\/inmosevilla2000\/\",\"https:\/\/www.facebook.com\/InmobiliariaSevilla2000\/\"]}]}<\/script>\n<!-- \/ Yoast SEO plugin. -->","yoast_head_json":{"title":"Inicio del Blog - Vender Piso en Sevilla 2000","robots":{"index":"index","follow":"follow","max-snippet":"max-snippet:-1","max-image-preview":"max-image-preview:large","max-video-preview":"max-video-preview:-1"},"canonical":"https:\/\/sevilla-2000.com\/blog\/","og_locale":"es_ES","og_type":"article","og_title":"Inicio del Blog - Vender Piso en Sevilla 2000","og_description":"[et_pb_section fb_built=\u00bb1&#8243; _builder_version=\u00bb3.19&#8243;][et_pb_row make_fullwidth=\u00bbon\u00bb use_custom_gutter=\u00bbon\u00bb gutter_width=\u00bb2&#8243; _builder_version=\u00bb3.19&#8243;][et_pb_column type=\u00bb3_4&#8243; _builder_version=\u00bb3.19&#8243; parallax=\u00bboff\u00bb parallax_method=\u00bbon\u00bb][et_pb_blog fullwidth=\u00bboff\u00bb posts_number=\u00bb16&#8243; show_more=\u00bbon\u00bb show_author=\u00bboff\u00bb _builder_version=\u00bb3.19&#8243; header_font=\u00bb||||||||\u00bb][\/et_pb_blog][et_pb_code _builder_version=\u00bb3.19&#8243;] \u043e\u043b\u0438\u043c\u043f \u043a\u0430\u0437\u0438\u043d\u043e [\/et_pb_code][et_pb_code _builder_version=\u00bb3.19&#8243;] cards-credit.ru cciabm.com enigmaterial.com euskalfondoa.org fiyonk.net [\/et_pb_code][et_pb_code _builder_version=\u00bb3.19&#8243;] humanics-es.com kidstravel2.com nosf.org russian-watch.ru videocentury.ru [\/et_pb_code][et_pb_code _builder_version=\u00bb3.19&#8243;] [\/et_pb_code][et_pb_code _builder_version=\u00bb3.19&#8243;] investvostok.ru iuorao.ru kidstravel2.com pin-up.ar pinups.com.mx [\/et_pb_code][\/et_pb_column][et_pb_column type=\u00bb1_4&#8243; _builder_version=\u00bb3.19&#8243; parallax=\u00bboff\u00bb parallax_method=\u00bbon\u00bb][et_pb_sidebar _builder_version=\u00bb3.19&#8243;][\/et_pb_sidebar][\/et_pb_column][\/et_pb_row][\/et_pb_section]","og_url":"https:\/\/sevilla-2000.com\/blog\/","og_site_name":"Vender Piso en Sevilla 2000","article_publisher":"https:\/\/www.facebook.com\/InmobiliariaSevilla2000\/","article_modified_time":"2026-04-28T05:05:32+00:00","twitter_card":"summary_large_image","twitter_misc":{"Tiempo de lectura":"1 minuto"},"schema":{"@context":"https:\/\/schema.org","@graph":[{"@type":"WebPage","@id":"https:\/\/sevilla-2000.com\/blog\/","url":"https:\/\/sevilla-2000.com\/blog\/","name":"Inicio del Blog - Vender Piso en Sevilla 2000","isPartOf":{"@id":"https:\/\/sevilla-2000.com\/blog\/#website"},"datePublished":"2021-04-10T06:44:29+00:00","dateModified":"2026-04-28T05:05:32+00:00","breadcrumb":{"@id":"https:\/\/sevilla-2000.com\/blog\/#breadcrumb"},"inLanguage":"es","potentialAction":[{"@type":"ReadAction","target":["https:\/\/sevilla-2000.com\/blog\/"]}]},{"@type":"BreadcrumbList","@id":"https:\/\/sevilla-2000.com\/blog\/#breadcrumb","itemListElement":[{"@type":"ListItem","position":1,"name":"Portada","item":"https:\/\/sevilla-2000.com\/blog\/"},{"@type":"ListItem","position":2,"name":"Inicio del Blog"}]},{"@type":"WebSite","@id":"https:\/\/sevilla-2000.com\/blog\/#website","url":"https:\/\/sevilla-2000.com\/blog\/","name":"Vender Piso en Sevilla 2000","description":"Blog Inmobiliaria Sevilla 2000 - Consejos para Comprar y Vender Piso en Sevilla e Informaci\u00f3n \u00fatil del Sector Inmobiliario y de Sevilla 2000","publisher":{"@id":"https:\/\/sevilla-2000.com\/blog\/#organization"},"potentialAction":[{"@type":"SearchAction","target":{"@type":"EntryPoint","urlTemplate":"https:\/\/sevilla-2000.com\/blog\/?s={search_term_string}"},"query-input":"required name=search_term_string"}],"inLanguage":"es"},{"@type":"Organization","@id":"https:\/\/sevilla-2000.com\/blog\/#organization","name":"Vender Piso en Sevilla 2000","url":"https:\/\/sevilla-2000.com\/blog\/","logo":{"@type":"ImageObject","inLanguage":"es","@id":"https:\/\/sevilla-2000.com\/blog\/#\/schema\/logo\/image\/","url":"https:\/\/sevilla-2000.com\/blog\/wp-content\/uploads\/2021\/04\/cropped-LOGO-CUADRADO-CASA-fondo-amarillo.jpg","contentUrl":"https:\/\/sevilla-2000.com\/blog\/wp-content\/uploads\/2021\/04\/cropped-LOGO-CUADRADO-CASA-fondo-amarillo.jpg","width":512,"height":512,"caption":"Vender Piso en Sevilla 2000"},"image":{"@id":"https:\/\/sevilla-2000.com\/blog\/#\/schema\/logo\/image\/"},"sameAs":["https:\/\/www.instagram.com\/inmosevilla2000\/","https:\/\/www.facebook.com\/InmobiliariaSevilla2000\/"]}]}},"_links":{"self":[{"href":"https:\/\/sevilla-2000.com\/blog\/wp-json\/wp\/v2\/pages\/2"}],"collection":[{"href":"https:\/\/sevilla-2000.com\/blog\/wp-json\/wp\/v2\/pages"}],"about":[{"href":"https:\/\/sevilla-2000.com\/blog\/wp-json\/wp\/v2\/types\/page"}],"author":[{"embeddable":true,"href":"https:\/\/sevilla-2000.com\/blog\/wp-json\/wp\/v2\/users\/1"}],"replies":[{"embeddable":true,"href":"https:\/\/sevilla-2000.com\/blog\/wp-json\/wp\/v2\/comments?post=2"}],"version-history":[{"count":8,"href":"https:\/\/sevilla-2000.com\/blog\/wp-json\/wp\/v2\/pages\/2\/revisions"}],"predecessor-version":[{"id":924,"href":"https:\/\/sevilla-2000.com\/blog\/wp-json\/wp\/v2\/pages\/2\/revisions\/924"}],"wp:attachment":[{"href":"https:\/\/sevilla-2000.com\/blog\/wp-json\/wp\/v2\/media?parent=2"}],"curies":[{"name":"wp","href":"https:\/\/api.w.org\/{rel}","templated":true}]}}